{"id":4228,"date":"2023-06-10T11:33:41","date_gmt":"2023-06-10T11:33:41","guid":{"rendered":"https:\/\/oncosem.com\/guncel\/"},"modified":"2023-11-09T12:05:07","modified_gmt":"2023-11-09T12:05:07","slug":"blog","status":"publish","type":"page","link":"https:\/\/oncosem.com\/en\/blog\/","title":{"rendered":"Blog"},"content":{"rendered":"\t\t<div data-elementor-type=\"wp-page\" data-elementor-id=\"4228\" class=\"elementor elementor-4228 elementor-4117\" data-elementor-post-type=\"page\">\n\t\t\t\t\t\t<section data-particle_enable=\"false\" data-particle-mobile-disabled=\"false\" class=\"elementor-section elementor-top-section elementor-element elementor-element-b3bcf48 elementor-section-boxed elementor-section-height-default elementor-section-height-default\" data-id=\"b3bcf48\" data-element_type=\"section\" data-e-type=\"section\" data-settings=\"{&quot;background_background&quot;:&quot;classic&quot;}\">\n\t\t\t\t\t\t<div class=\"elementor-container elementor-column-gap-no\">\n\t\t\t\t\t<div class=\"elementor-column elementor-col-100 elementor-top-column elementor-element elementor-element-9c42fdd\" data-id=\"9c42fdd\" data-element_type=\"column\" data-e-type=\"column\">\n\t\t\t<div class=\"elementor-widget-wrap elementor-element-populated\">\n\t\t\t\t\t\t<div class=\"elementor-element elementor-element-55da06f elementor-widget elementor-widget-heading\" data-id=\"55da06f\" data-element_type=\"widget\" data-e-type=\"widget\" data-widget_type=\"heading.default\">\n\t\t\t\t<div class=\"elementor-widget-container\">\n\t\t\t\t\t<h1 class=\"elementor-heading-title elementor-size-default\">Blog<\/h1>\t\t\t\t<\/div>\n\t\t\t\t<\/div>\n\t\t\t\t<div class=\"elementor-element elementor-element-bb2642e elementor-widget elementor-widget-text-editor\" data-id=\"bb2642e\" data-element_type=\"widget\" data-e-type=\"widget\" data-widget_type=\"text-editor.default\">\n\t\t\t\t<div class=\"elementor-widget-container\">\n\t\t\t\t\t\t\t\t\t<p>Current news from us&#8230;<\/p>\t\t\t\t\t\t\t\t<\/div>\n\t\t\t\t<\/div>\n\t\t\t\t\t<\/div>\n\t\t<\/div>\n\t\t\t\t\t<\/div>\n\t\t<\/section>\n\t\t\t\t<section data-particle_enable=\"false\" data-particle-mobile-disabled=\"false\" class=\"elementor-section elementor-top-section elementor-element elementor-element-ed80ae0 elementor-section-boxed elementor-section-height-default elementor-section-height-default\" data-id=\"ed80ae0\" data-element_type=\"section\" data-e-type=\"section\">\n\t\t\t\t\t\t<div class=\"elementor-container elementor-column-gap-default\">\n\t\t\t\t\t<div class=\"elementor-column elementor-col-100 elementor-top-column elementor-element elementor-element-7c39137\" data-id=\"7c39137\" data-element_type=\"column\" data-e-type=\"column\">\n\t\t\t<div class=\"elementor-widget-wrap elementor-element-populated\">\n\t\t\t\t\t\t<div class=\"elementor-element elementor-element-7e73244 elementor-grid-3 elementor-grid-tablet-2 elementor-grid-mobile-1 elementor-widget elementor-widget-portfolio\" data-id=\"7e73244\" data-element_type=\"widget\" data-e-type=\"widget\" data-settings=\"{&quot;row_gap&quot;:{&quot;unit&quot;:&quot;px&quot;,&quot;size&quot;:3,&quot;sizes&quot;:[]},&quot;columns&quot;:&quot;3&quot;,&quot;columns_tablet&quot;:&quot;2&quot;,&quot;columns_mobile&quot;:&quot;1&quot;,&quot;item_ratio&quot;:{&quot;unit&quot;:&quot;px&quot;,&quot;size&quot;:0.66,&quot;sizes&quot;:[]},&quot;item_gap&quot;:{&quot;unit&quot;:&quot;px&quot;,&quot;size&quot;:&quot;&quot;,&quot;sizes&quot;:[]}}\" data-widget_type=\"portfolio.default\">\n\t\t\t\t<div class=\"elementor-widget-container\">\n\t\t\t\t\t\t\t<div class=\"elementor-portfolio elementor-grid elementor-posts-container\" role=\"list\">\n\t\t\t\t<article class=\"elementor-portfolio-item elementor-post  post-6960 post type-post status-publish format-standard has-post-thumbnail hentry category-guncel-en\" role=\"listitem\">\n\t\t\t<a class=\"elementor-post__thumbnail__link\" href=\"https:\/\/oncosem.com\/en\/news-18-12-2025\/\">\n\t\t\t\t<div class=\"elementor-portfolio-item__img elementor-post__thumbnail\">\n\t\t\t<img fetchpriority=\"high\" decoding=\"async\" width=\"1024\" height=\"768\" src=\"https:\/\/oncosem.com\/wp-content\/uploads\/2025\/10\/Kirmizi-Beyaz-Fotografli-29-Ekim-Cumhuriyet-Bayrami-100.-Yil-Kutlamasi-Instagram-Gonderisi-1024-x-768-piksel.jpg\" class=\"attachment-full size-full wp-image-6910\" alt=\"\" srcset=\"https:\/\/oncosem.com\/wp-content\/uploads\/2025\/10\/Kirmizi-Beyaz-Fotografli-29-Ekim-Cumhuriyet-Bayrami-100.-Yil-Kutlamasi-Instagram-Gonderisi-1024-x-768-piksel.jpg 1024w, https:\/\/oncosem.com\/wp-content\/uploads\/2025\/10\/Kirmizi-Beyaz-Fotografli-29-Ekim-Cumhuriyet-Bayrami-100.-Yil-Kutlamasi-Instagram-Gonderisi-1024-x-768-piksel-300x225.jpg 300w, https:\/\/oncosem.com\/wp-content\/uploads\/2025\/10\/Kirmizi-Beyaz-Fotografli-29-Ekim-Cumhuriyet-Bayrami-100.-Yil-Kutlamasi-Instagram-Gonderisi-1024-x-768-piksel-768x576.jpg 768w, https:\/\/oncosem.com\/wp-content\/uploads\/2025\/10\/Kirmizi-Beyaz-Fotografli-29-Ekim-Cumhuriyet-Bayrami-100.-Yil-Kutlamasi-Instagram-Gonderisi-1024-x-768-piksel-1000x750.jpg 1000w\" sizes=\"(max-width: 1024px) 100vw, 1024px\" \/>\t\t<\/div>\n\t\t\t\t<div class=\"elementor-portfolio-item__overlay\">\n\t\t\t\t<h3 class=\"elementor-portfolio-item__title\">\n\t\tNews 18.12.2025\t\t<\/h3>\n\t\t\t\t<\/div>\n\t\t\t\t<\/a>\n\t\t<\/article>\n\t\t\t\t<article class=\"elementor-portfolio-item elementor-post  post-6692 post type-post status-publish format-standard has-post-thumbnail hentry category-guncel-en\" role=\"listitem\">\n\t\t\t<a class=\"elementor-post__thumbnail__link\" href=\"https:\/\/oncosem.com\/en\/medica-2024-dusseldorf\/\">\n\t\t\t\t<div class=\"elementor-portfolio-item__img elementor-post__thumbnail\">\n\t\t\t<img decoding=\"async\" width=\"1024\" height=\"768\" src=\"https:\/\/oncosem.com\/wp-content\/uploads\/2024\/11\/medica-2024-dusseldorf_03.jpg\" class=\"attachment-full size-full wp-image-6686\" alt=\"\" srcset=\"https:\/\/oncosem.com\/wp-content\/uploads\/2024\/11\/medica-2024-dusseldorf_03.jpg 1024w, https:\/\/oncosem.com\/wp-content\/uploads\/2024\/11\/medica-2024-dusseldorf_03-300x225.jpg 300w, https:\/\/oncosem.com\/wp-content\/uploads\/2024\/11\/medica-2024-dusseldorf_03-768x576.jpg 768w, https:\/\/oncosem.com\/wp-content\/uploads\/2024\/11\/medica-2024-dusseldorf_03-1000x750.jpg 1000w\" sizes=\"(max-width: 1024px) 100vw, 1024px\" \/>\t\t<\/div>\n\t\t\t\t<div class=\"elementor-portfolio-item__overlay\">\n\t\t\t\t<h3 class=\"elementor-portfolio-item__title\">\n\t\tMedica 2024 &#8211; D\u00fcsseldorf\t\t<\/h3>\n\t\t\t\t<\/div>\n\t\t\t\t<\/a>\n\t\t<\/article>\n\t\t\t\t<article class=\"elementor-portfolio-item elementor-post  post-4836 post type-post status-publish format-standard has-post-thumbnail hentry category-guncel-en\" role=\"listitem\">\n\t\t\t<a class=\"elementor-post__thumbnail__link\" href=\"https:\/\/oncosem.com\/en\/arab-health-2024-exhibition-participation-dubai\/\">\n\t\t\t\t<div class=\"elementor-portfolio-item__img elementor-post__thumbnail\">\n\t\t\t<img decoding=\"async\" width=\"1024\" height=\"768\" src=\"https:\/\/oncosem.com\/wp-content\/uploads\/2024\/02\/oncosem-dubai-fuar-2024-04.jpg\" class=\"attachment-full size-full wp-image-4824\" alt=\"\" srcset=\"https:\/\/oncosem.com\/wp-content\/uploads\/2024\/02\/oncosem-dubai-fuar-2024-04.jpg 1024w, https:\/\/oncosem.com\/wp-content\/uploads\/2024\/02\/oncosem-dubai-fuar-2024-04-300x225.jpg 300w, https:\/\/oncosem.com\/wp-content\/uploads\/2024\/02\/oncosem-dubai-fuar-2024-04-768x576.jpg 768w, https:\/\/oncosem.com\/wp-content\/uploads\/2024\/02\/oncosem-dubai-fuar-2024-04-1000x750.jpg 1000w\" sizes=\"(max-width: 1024px) 100vw, 1024px\" \/>\t\t<\/div>\n\t\t\t\t<div class=\"elementor-portfolio-item__overlay\">\n\t\t\t\t<h3 class=\"elementor-portfolio-item__title\">\n\t\tArab Health 2024 Exhibition Participation &#8211; Dubai\t\t<\/h3>\n\t\t\t\t<\/div>\n\t\t\t\t<\/a>\n\t\t<\/article>\n\t\t\t\t<article class=\"elementor-portfolio-item elementor-post  post-4509 post type-post status-publish format-standard has-post-thumbnail hentry category-guncel-en\" role=\"listitem\">\n\t\t\t<a class=\"elementor-post__thumbnail__link\" href=\"https:\/\/oncosem.com\/en\/your-first-day-open-to-the-public-plaque\/\">\n\t\t\t\t<div class=\"elementor-portfolio-item__img elementor-post__thumbnail\">\n\t\t\t<img loading=\"lazy\" decoding=\"async\" width=\"1024\" height=\"768\" src=\"https:\/\/oncosem.com\/wp-content\/uploads\/2023\/12\/oncosem-halka-acik-ilk-gunumuz-00.jpg\" class=\"attachment-full size-full wp-image-4480\" alt=\"\" srcset=\"https:\/\/oncosem.com\/wp-content\/uploads\/2023\/12\/oncosem-halka-acik-ilk-gunumuz-00.jpg 1024w, https:\/\/oncosem.com\/wp-content\/uploads\/2023\/12\/oncosem-halka-acik-ilk-gunumuz-00-300x225.jpg 300w, https:\/\/oncosem.com\/wp-content\/uploads\/2023\/12\/oncosem-halka-acik-ilk-gunumuz-00-768x576.jpg 768w, https:\/\/oncosem.com\/wp-content\/uploads\/2023\/12\/oncosem-halka-acik-ilk-gunumuz-00-1000x750.jpg 1000w\" sizes=\"(max-width: 1024px) 100vw, 1024px\" \/>\t\t<\/div>\n\t\t\t\t<div class=\"elementor-portfolio-item__overlay\">\n\t\t\t\t<h3 class=\"elementor-portfolio-item__title\">\n\t\tYour First Day Open to the Public Plaque\t\t<\/h3>\n\t\t\t\t<\/div>\n\t\t\t\t<\/a>\n\t\t<\/article>\n\t\t\t\t<article class=\"elementor-portfolio-item elementor-post  post-4491 post type-post status-publish format-standard has-post-thumbnail hentry category-guncel-en\" role=\"listitem\">\n\t\t\t<a class=\"elementor-post__thumbnail__link\" href=\"https:\/\/oncosem.com\/en\/arab-health-2024-dubai\/\">\n\t\t\t\t<div class=\"elementor-portfolio-item__img elementor-post__thumbnail\">\n\t\t\t<img loading=\"lazy\" decoding=\"async\" width=\"1024\" height=\"768\" src=\"https:\/\/oncosem.com\/wp-content\/uploads\/2023\/12\/oncosem-arab-health-dubai-0-ENG.jpg\" class=\"attachment-full size-full wp-image-4492\" alt=\"\" srcset=\"https:\/\/oncosem.com\/wp-content\/uploads\/2023\/12\/oncosem-arab-health-dubai-0-ENG.jpg 1024w, https:\/\/oncosem.com\/wp-content\/uploads\/2023\/12\/oncosem-arab-health-dubai-0-ENG-300x225.jpg 300w, https:\/\/oncosem.com\/wp-content\/uploads\/2023\/12\/oncosem-arab-health-dubai-0-ENG-768x576.jpg 768w, https:\/\/oncosem.com\/wp-content\/uploads\/2023\/12\/oncosem-arab-health-dubai-0-ENG-1000x750.jpg 1000w\" sizes=\"(max-width: 1024px) 100vw, 1024px\" \/>\t\t<\/div>\n\t\t\t\t<div class=\"elementor-portfolio-item__overlay\">\n\t\t\t\t<h3 class=\"elementor-portfolio-item__title\">\n\t\tArab Health 2024 &#8211; Dubai\t\t<\/h3>\n\t\t\t\t<\/div>\n\t\t\t\t<\/a>\n\t\t<\/article>\n\t\t\t\t<article class=\"elementor-portfolio-item elementor-post  post-4472 post type-post status-publish format-standard has-post-thumbnail hentry category-guncel-en\" role=\"listitem\">\n\t\t\t<a class=\"elementor-post__thumbnail__link\" href=\"https:\/\/oncosem.com\/en\/medica-2023-dusseldorf-almanya\/\">\n\t\t\t\t<div class=\"elementor-portfolio-item__img elementor-post__thumbnail\">\n\t\t\t<img loading=\"lazy\" decoding=\"async\" width=\"1024\" height=\"768\" src=\"https:\/\/oncosem.com\/wp-content\/uploads\/2023\/12\/medica-01.jpg\" class=\"attachment-full size-full wp-image-4449\" alt=\"\" srcset=\"https:\/\/oncosem.com\/wp-content\/uploads\/2023\/12\/medica-01.jpg 1024w, https:\/\/oncosem.com\/wp-content\/uploads\/2023\/12\/medica-01-300x225.jpg 300w, https:\/\/oncosem.com\/wp-content\/uploads\/2023\/12\/medica-01-768x576.jpg 768w, https:\/\/oncosem.com\/wp-content\/uploads\/2023\/12\/medica-01-1000x750.jpg 1000w\" sizes=\"(max-width: 1024px) 100vw, 1024px\" \/>\t\t<\/div>\n\t\t\t\t<div class=\"elementor-portfolio-item__overlay\">\n\t\t\t\t<h3 class=\"elementor-portfolio-item__title\">\n\t\tMedica 2023 Dusseldorf Almanya\t\t<\/h3>\n\t\t\t\t<\/div>\n\t\t\t\t<\/a>\n\t\t<\/article>\n\t\t\t\t<article class=\"elementor-portfolio-item elementor-post  post-4326 post type-post status-publish format-standard has-post-thumbnail hentry category-guncel-en tag-chemotherapy-drug-preparation tag-exhibitions tag-medica-2023 tag-oncosem\" role=\"listitem\">\n\t\t\t<a class=\"elementor-post__thumbnail__link\" href=\"https:\/\/oncosem.com\/en\/oncosem-will-be-participating-at-medica-2023\/\">\n\t\t\t\t<div class=\"elementor-portfolio-item__img elementor-post__thumbnail\">\n\t\t\t<img loading=\"lazy\" decoding=\"async\" width=\"1024\" height=\"768\" src=\"https:\/\/oncosem.com\/wp-content\/uploads\/2023\/10\/oncosem-medica-2023.jpg\" class=\"attachment-full size-full wp-image-4370\" alt=\"\" srcset=\"https:\/\/oncosem.com\/wp-content\/uploads\/2023\/10\/oncosem-medica-2023.jpg 1024w, https:\/\/oncosem.com\/wp-content\/uploads\/2023\/10\/oncosem-medica-2023-300x225.jpg 300w, https:\/\/oncosem.com\/wp-content\/uploads\/2023\/10\/oncosem-medica-2023-768x576.jpg 768w, https:\/\/oncosem.com\/wp-content\/uploads\/2023\/10\/oncosem-medica-2023-1000x750.jpg 1000w\" sizes=\"(max-width: 1024px) 100vw, 1024px\" \/>\t\t<\/div>\n\t\t\t\t<div class=\"elementor-portfolio-item__overlay\">\n\t\t\t\t<h3 class=\"elementor-portfolio-item__title\">\n\t\tOncosem Will Be Participating At Medica 2023\t\t<\/h3>\n\t\t\t\t<\/div>\n\t\t\t\t<\/a>\n\t\t<\/article>\n\t\t\t\t<article class=\"elementor-portfolio-item elementor-post  post-4225 post type-post status-publish format-standard has-post-thumbnail hentry category-guncel-en\" role=\"listitem\">\n\t\t\t<a class=\"elementor-post__thumbnail__link\" href=\"https:\/\/oncosem.com\/en\/ankara-yildirim-beyazit-university-career-summit\/\">\n\t\t\t\t<div class=\"elementor-portfolio-item__img elementor-post__thumbnail\">\n\t\t\t<img loading=\"lazy\" decoding=\"async\" width=\"1024\" height=\"768\" src=\"https:\/\/oncosem.com\/wp-content\/uploads\/2023\/06\/ankara-yildirim-beyazit-universitesi-kariyer-zirvesi-04.jpg\" class=\"attachment-full size-full wp-image-4216\" alt=\"\" \/>\t\t<\/div>\n\t\t\t\t<div class=\"elementor-portfolio-item__overlay\">\n\t\t\t\t<h3 class=\"elementor-portfolio-item__title\">\n\t\tAnkara Y\u0131ld\u0131r\u0131m Beyaz\u0131t University Career Summit\t\t<\/h3>\n\t\t\t\t<\/div>\n\t\t\t\t<\/a>\n\t\t<\/article>\n\t\t\t\t<article class=\"elementor-portfolio-item elementor-post  post-4226 post type-post status-publish format-standard has-post-thumbnail hentry category-guncel-en\" role=\"listitem\">\n\t\t\t<a class=\"elementor-post__thumbnail__link\" href=\"https:\/\/oncosem.com\/en\/clinical-pharmacy-congress-excel-london\/\">\n\t\t\t\t<div class=\"elementor-portfolio-item__img elementor-post__thumbnail\">\n\t\t\t<img loading=\"lazy\" decoding=\"async\" width=\"1024\" height=\"768\" src=\"https:\/\/oncosem.com\/wp-content\/uploads\/2023\/06\/Clinical-Pharmacy-Congress-Excel-London-01.jpg\" class=\"attachment-full size-full wp-image-4182\" alt=\"\" \/>\t\t<\/div>\n\t\t\t\t<div class=\"elementor-portfolio-item__overlay\">\n\t\t\t\t<h3 class=\"elementor-portfolio-item__title\">\n\t\tClinical Pharmacy Congress &#8211; Excel London\t\t<\/h3>\n\t\t\t\t<\/div>\n\t\t\t\t<\/a>\n\t\t<\/article>\n\t\t\t\t<article class=\"elementor-portfolio-item elementor-post  post-4227 post type-post status-publish format-standard has-post-thumbnail hentry category-guncel-en\" role=\"listitem\">\n\t\t\t<a class=\"elementor-post__thumbnail__link\" href=\"https:\/\/oncosem.com\/en\/oncology-professional-care-fair\/\">\n\t\t\t\t<div class=\"elementor-portfolio-item__img elementor-post__thumbnail\">\n\t\t\t<img loading=\"lazy\" decoding=\"async\" width=\"1024\" height=\"768\" src=\"https:\/\/oncosem.com\/wp-content\/uploads\/2023\/06\/Oncology-professional-care-london-08.jpg\" class=\"attachment-full size-full wp-image-4141\" alt=\"\" \/>\t\t<\/div>\n\t\t\t\t<div class=\"elementor-portfolio-item__overlay\">\n\t\t\t\t<h3 class=\"elementor-portfolio-item__title\">\n\t\tOncology Professional Care Fair\t\t<\/h3>\n\t\t\t\t<\/div>\n\t\t\t\t<\/a>\n\t\t<\/article>\n\t\t\t\t<\/div>\n\t\t\t\t\t\t<\/div>\n\t\t\t\t<\/div>\n\t\t\t\t\t<\/div>\n\t\t<\/div>\n\t\t\t\t\t<\/div>\n\t\t<\/section>\n\t\t\t\t<\/div>\n\t\t","protected":false},"excerpt":{"rendered":"<p>Blog Current news from us&#8230;<\/p>\n","protected":false},"author":1,"featured_media":0,"parent":0,"menu_order":0,"comment_status":"closed","ping_status":"closed","template":"","meta":{"inline_featured_image":false,"site-sidebar-layout":"no-sidebar","site-content-layout":"page-builder","ast-site-content-layout":"default","site-content-style":"default","site-sidebar-style":"default","ast-global-header-display":"","ast-banner-title-visibility":"","ast-main-header-display":"","ast-hfb-above-header-display":"","ast-hfb-below-header-display":"","ast-hfb-mobile-header-display":"","site-post-title":"disabled","ast-breadcrumbs-content":"","ast-featured-img":"disabled","footer-sml-layout":"","ast-disable-related-posts":"","theme-transparent-header-meta":"enabled","adv-header-id-meta":"","stick-header-meta":"default","header-above-stick-meta":"","header-main-stick-meta":"","header-below-stick-meta":"","astra-migrate-meta-layouts":"default","ast-page-background-enabled":"default","ast-page-background-meta":{"desktop":{"background-color":"","background-image":"","background-repeat":"repeat","background-position":"center center","background-size":"auto","background-attachment":"scroll","background-type":"","background-media":"","overlay-type":"","overlay-color":"","overlay-opacity":"","overlay-gradient":""},"tablet":{"background-color":"","background-image":"","background-repeat":"repeat","background-position":"center center","background-size":"auto","background-attachment":"scroll","background-type":"","background-media":"","overlay-type":"","overlay-color":"","overlay-opacity":"","overlay-gradient":""},"mobile":{"background-color":"","background-image":"","background-repeat":"repeat","background-position":"center center","background-size":"auto","background-attachment":"scroll","background-type":"","background-media":"","overlay-type":"","overlay-color":"","overlay-opacity":"","overlay-gradient":""}},"ast-content-background-meta":{"desktop":{"background-color":"var(--ast-global-color-5)","background-image":"","background-repeat":"repeat","background-position":"center center","background-size":"auto","background-attachment":"scroll","background-type":"","background-media":"","overlay-type":"","overlay-color":"","overlay-opacity":"","overlay-gradient":""},"tablet":{"background-color":"var(--ast-global-color-5)","background-image":"","background-repeat":"repeat","background-position":"center center","background-size":"auto","background-attachment":"scroll","background-type":"","background-media":"","overlay-type":"","overlay-color":"","overlay-opacity":"","overlay-gradient":""},"mobile":{"background-color":"var(--ast-global-color-5)","background-image":"","background-repeat":"repeat","background-position":"center center","background-size":"auto","background-attachment":"scroll","background-type":"","background-media":"","overlay-type":"","overlay-color":"","overlay-opacity":"","overlay-gradient":""}},"footnotes":""},"class_list":["post-4228","page","type-page","status-publish","hentry"],"_links":{"self":[{"href":"https:\/\/oncosem.com\/en\/wp-json\/wp\/v2\/pages\/4228","targetHints":{"allow":["GET"]}}],"collection":[{"href":"https:\/\/oncosem.com\/en\/wp-json\/wp\/v2\/pages"}],"about":[{"href":"https:\/\/oncosem.com\/en\/wp-json\/wp\/v2\/types\/page"}],"author":[{"embeddable":true,"href":"https:\/\/oncosem.com\/en\/wp-json\/wp\/v2\/users\/1"}],"replies":[{"embeddable":true,"href":"https:\/\/oncosem.com\/en\/wp-json\/wp\/v2\/comments?post=4228"}],"version-history":[{"count":3,"href":"https:\/\/oncosem.com\/en\/wp-json\/wp\/v2\/pages\/4228\/revisions"}],"predecessor-version":[{"id":4375,"href":"https:\/\/oncosem.com\/en\/wp-json\/wp\/v2\/pages\/4228\/revisions\/4375"}],"wp:attachment":[{"href":"https:\/\/oncosem.com\/en\/wp-json\/wp\/v2\/media?parent=4228"}],"curies":[{"name":"wp","href":"https:\/\/api.w.org\/{rel}","templated":true}]}}