{"id":5662,"date":"2024-07-02T22:43:06","date_gmt":"2024-07-02T22:43:06","guid":{"rendered":"https:\/\/oncosem.com\/product\/negatif-ignesiz-enjeksiyon-valfli-iki-lumenli-t-uzatma-seti\/"},"modified":"2024-07-02T22:48:35","modified_gmt":"2024-07-02T22:48:35","slug":"double-lumen-t-extension-set-with-negative-needlefree-valve","status":"publish","type":"product","link":"https:\/\/oncosem.com\/en\/product\/double-lumen-t-extension-set-with-negative-needlefree-valve\/","title":{"rendered":"Double Lumen T Extension Set With Negative Needlefree Valve"},"content":{"rendered":"<div id=\"footable_parent_5654\"\n         class=\" footable_parent ninja_table_wrapper loading_ninja_table wp_table_data_press_parent bootstrap4 colored_table\">\n                <table data-ninja_table_instance=\"ninja_table_instance_0\" data-footable_id=\"5654\" data-filter-delay=\"1000\" aria-label=\"ODEL051-T2L-NG-ENG\"            id=\"footable_5654\"\n           data-unique_identifier=\"ninja_table_unique_id_3948490213_5654\"\n           class=\" foo-table ninja_footable foo_table_5654 ninja_table_unique_id_3948490213_5654 table  nt_type_legacy_table table-striped table-bordered table-hover ninja_custom_color inverted footable-paging-right ninja_table_search_disabled ninja_table_pro\">\n                <colgroup>\n                            <col class=\"ninja_column_0 \">\n                            <col class=\"ninja_column_1 \">\n                    <\/colgroup>\n        <thead>\n<tr class=\"footable-header\">\n                                        <th scope=\"col\"  class=\"ninja_column_0 ninja_clmn_nm_odel51t2lng \">\ufeffODEL051-T2L-NG<\/th><th scope=\"col\"  class=\"ninja_column_1 ninja_clmn_nm_doublelumentextensionsetwithnegativneedlefreevalve \">DOUBLE LUMEN T EXTENSION SET WITH NEGATIV NEEDLEFREE VALVE<\/th><\/tr>\n<\/thead>\n<tbody>\n\n        <tr data-row_id=\"577\" class=\"ninja_table_row_0 nt_row_id_577\">\n            <td>GTIN<\/td><td>8684508880382<\/td>        <\/tr>\n            <tr data-row_id=\"580\" class=\"ninja_table_row_1 nt_row_id_580\">\n            <td>Compatibility<\/td><td>* Compatible with all types of luer devices including all glass syringes<br>* Connects securely with all standard luerslip and luerlock syringes and connectors<br>- MRI\/CT compatible<br>- Glass Syringe compatible<br>* Lipid & Blood<br>* Alcohol Resistant<br>* Cytotoxic Drug<\/td>        <\/tr>\n            <tr data-row_id=\"581\" class=\"ninja_table_row_2 nt_row_id_581\">\n            <td>Priming Volume<\/td><td>0,58 ml<\/td>        <\/tr>\n            <tr data-row_id=\"582\" class=\"ninja_table_row_3 nt_row_id_582\">\n            <td>Gravity Flow Rate<\/td><td>92 ml\/min<\/td>        <\/tr>\n            <tr data-row_id=\"583\" class=\"ninja_table_row_4 nt_row_id_583\">\n            <td>Pressure Ressitance<\/td><td>45 psi <\/td>        <\/tr>\n            <tr data-row_id=\"584\" class=\"ninja_table_row_5 nt_row_id_584\">\n            <td>Flow Rate per Lumen<\/td><td>46 ml\/min<\/td>        <\/tr>\n            <tr data-row_id=\"585\" class=\"ninja_table_row_6 nt_row_id_585\">\n            <td>Priming Volume per Lumen<\/td><td>0,29 ml<\/td>        <\/tr>\n            <tr data-row_id=\"586\" class=\"ninja_table_row_7 nt_row_id_586\">\n            <td>Sterilization<\/td><td>Ethilen Oxide<\/td>        <\/tr>\n            <tr data-row_id=\"587\" class=\"ninja_table_row_8 nt_row_id_587\">\n            <td>Shelf Life<\/td><td>5-year<\/td>        <\/tr>\n            <tr data-row_id=\"588\" class=\"ninja_table_row_9 nt_row_id_588\">\n            <td>Weight<\/td><td>10,50 gr <\/td>        <\/tr>\n            <tr data-row_id=\"589\" class=\"ninja_table_row_10 nt_row_id_589\">\n            <td>Dimension<\/td><td>19 cm <\/td>        <\/tr>\n            <tr data-row_id=\"590\" class=\"ninja_table_row_11 nt_row_id_590\">\n            <td>Box<\/td><td>100 pcs<\/td>        <\/tr>\n            <tr data-row_id=\"591\" class=\"ninja_table_row_12 nt_row_id_591\">\n            <td>Product Components<\/td><td>* 2-Negative Needlefree Connector<br>* 20cm-Transparent Tubing (PUR \/ \u00f8 mm 1,5*2,5)<br>* 1 Antisiphone Check Valve<br>* 1 Antireflux Check Valve<br>* 2 Check Valve Kapa\u011f\u0131<br>* 2-Side Clamp<br>* RMLL and Cap<\/td>        <\/tr>\n    <\/tbody><!--ninja_tobody_rendering_done-->\n    <\/table>\n    \n    \n    \n<\/div>\n\n","protected":false},"excerpt":{"rendered":"<p><strong>Product Code:\u00a0<\/strong>ODEL051-T2L-NG<\/p>\n<p>It is a closed, needle-free extension set that provides safe and effective IV access for the infusion of IV fluids, medications and blood. It can be used safely in most clinical applications and patient care areas. The pump can be connected to peripheral IV catheters and other central catheters to deliver gravity or bolus infusions. The extension set can be used safely in TIVA applications.<\/p>\n<p><strong>Features:<\/strong><\/p>\n<p>\u2013 Smooth, swabable needlefree connector<br \/>\n\u2013 Septum forming tight seal to protect against contamination<br \/>\n\u2013 Straight fluid pathway to make flushing more effective<br \/>\n\u2013 Split Septum<br \/>\n\u2013 Transparent housing to encourage complete and effective flushing<br \/>\n\u2013 DEHP free, Latex free<br \/>\n\u2013 Sterile &amp; Single Use<\/p>\n","protected":false},"featured_media":5661,"template":"","meta":{"inline_featured_image":false,"site-sidebar-layout":"default","site-content-layout":"","ast-site-content-layout":"default","site-content-style":"default","site-sidebar-style":"default","ast-global-header-display":"","ast-banner-title-visibility":"","ast-main-header-display":"","ast-hfb-above-header-display":"","ast-hfb-below-header-display":"","ast-hfb-mobile-header-display":"","site-post-title":"","ast-breadcrumbs-content":"","ast-featured-img":"","footer-sml-layout":"","theme-transparent-header-meta":"default","adv-header-id-meta":"","stick-header-meta":"","header-above-stick-meta":"","header-main-stick-meta":"","header-below-stick-meta":"","astra-migrate-meta-layouts":"set","ast-page-background-enabled":"default","ast-page-background-meta":{"desktop":{"background-color":"","background-image":"","background-repeat":"repeat","background-position":"center center","background-size":"auto","background-attachment":"scroll","background-type":"","background-media":"","overlay-type":"","overlay-color":"","overlay-opacity":"","overlay-gradient":""},"tablet":{"background-color":"","background-image":"","background-repeat":"repeat","background-position":"center center","background-size":"auto","background-attachment":"scroll","background-type":"","background-media":"","overlay-type":"","overlay-color":"","overlay-opacity":"","overlay-gradient":""},"mobile":{"background-color":"","background-image":"","background-repeat":"repeat","background-position":"center center","background-size":"auto","background-attachment":"scroll","background-type":"","background-media":"","overlay-type":"","overlay-color":"","overlay-opacity":"","overlay-gradient":""}},"ast-content-background-meta":{"desktop":{"background-color":"var(--ast-global-color-5)","background-image":"","background-repeat":"repeat","background-position":"center center","background-size":"auto","background-attachment":"scroll","background-type":"","background-media":"","overlay-type":"","overlay-color":"","overlay-opacity":"","overlay-gradient":""},"tablet":{"background-color":"var(--ast-global-color-5)","background-image":"","background-repeat":"repeat","background-position":"center center","background-size":"auto","background-attachment":"scroll","background-type":"","background-media":"","overlay-type":"","overlay-color":"","overlay-opacity":"","overlay-gradient":""},"mobile":{"background-color":"var(--ast-global-color-5)","background-image":"","background-repeat":"repeat","background-position":"center center","background-size":"auto","background-attachment":"scroll","background-type":"","background-media":"","overlay-type":"","overlay-color":"","overlay-opacity":"","overlay-gradient":""}}},"product_brand":[],"product_cat":[100],"product_tag":[],"class_list":{"0":"post-5662","1":"product","2":"type-product","3":"status-publish","4":"has-post-thumbnail","6":"product_cat-connectors-en","7":"desktop-align-center","8":"tablet-align-center","9":"mobile-align-center","10":"ast-product-gallery-layout-horizontal","11":"ast-product-tabs-layout-horizontal","13":"first","14":"instock","15":"shipping-taxable","16":"product-type-simple"},"_links":{"self":[{"href":"https:\/\/oncosem.com\/en\/wp-json\/wp\/v2\/product\/5662","targetHints":{"allow":["GET"]}}],"collection":[{"href":"https:\/\/oncosem.com\/en\/wp-json\/wp\/v2\/product"}],"about":[{"href":"https:\/\/oncosem.com\/en\/wp-json\/wp\/v2\/types\/product"}],"wp:featuredmedia":[{"embeddable":true,"href":"https:\/\/oncosem.com\/en\/wp-json\/wp\/v2\/media\/5661"}],"wp:attachment":[{"href":"https:\/\/oncosem.com\/en\/wp-json\/wp\/v2\/media?parent=5662"}],"wp:term":[{"taxonomy":"product_brand","embeddable":true,"href":"https:\/\/oncosem.com\/en\/wp-json\/wp\/v2\/product_brand?post=5662"},{"taxonomy":"product_cat","embeddable":true,"href":"https:\/\/oncosem.com\/en\/wp-json\/wp\/v2\/product_cat?post=5662"},{"taxonomy":"product_tag","embeddable":true,"href":"https:\/\/oncosem.com\/en\/wp-json\/wp\/v2\/product_tag?post=5662"}],"curies":[{"name":"wp","href":"https:\/\/api.w.org\/{rel}","templated":true}]}}